{"id":9125,"date":"2017-07-12T13:30:34","date_gmt":"2017-07-12T11:30:34","guid":{"rendered":"https:\/\/www.datingcafe.de\/cafeteria\/?page_id=9125"},"modified":"2024-10-29T09:42:12","modified_gmt":"2024-10-29T08:42:12","slug":"espresso-bar","status":"publish","type":"page","link":"https:\/\/www.datingcafe.de\/magazin\/espresso-bar\/","title":{"rendered":"Die Cafeteria-Espresso-Bar"},"content":{"rendered":"<p><a name=\"TOP_Page\"><\/a><img loading=\"lazy\" decoding=\"async\" class=\"alignnone wp-image-9301 size-full\" title=\"Cafeteria-Espresso-Bar \u00dcbersicht\" src=\"https:\/\/www.datingcafe.de\/cafeteria\/wp-content\/uploads\/sites\/5\/2017\/07\/Espressobar_13434984_xxl.jpg\" alt=\"Cafeteria-Espresso-Bar\" width=\"1000\" height=\"384\" srcset=\"https:\/\/www.datingcafe.de\/blog\/wp-content\/uploads\/sites\/5\/2017\/07\/Espressobar_13434984_xxl.jpg 1000w, https:\/\/www.datingcafe.de\/blog\/wp-content\/uploads\/sites\/5\/2017\/07\/Espressobar_13434984_xxl-300x115.jpg 300w, https:\/\/www.datingcafe.de\/blog\/wp-content\/uploads\/sites\/5\/2017\/07\/Espressobar_13434984_xxl-768x295.jpg 768w, https:\/\/www.datingcafe.de\/blog\/wp-content\/uploads\/sites\/5\/2017\/07\/Espressobar_13434984_xxl-310x119.jpg 310w\" sizes=\"auto, (max-width: 1000px) 100vw, 1000px\" \/><\/p>\n<h2>Informationen f\u00fcr Singles<\/h2>\n<h3>Neues aus dem Dating Cafe. Schon gelesen?<\/h3>\n<div class=\"pt-cv-wrapper noLightbox\"><div class=\"pt-cv-view pt-cv-masonry pt-cv-pinterest pt-cv-shadow pt-cv-bb\" id=\"pt-cv-view-564425cbcr\"><div data-id=\"pt-cv-page-1\" class=\"pt-cv-page\" data-cvc=\"1\"><div class=\"col-md-3 col-sm-12 col-xs-12 pt-cv-content-item pt-cv-1-col\"  data-pid=\"40975\"><div class='pt-cv-pinmas'><a href=\"https:\/\/www.datingcafe.de\/magazin\/dating\/liebe-und-humor-in-beziehung\/\" class=\"_self pt-cv-href-thumbnail pt-cv-thumb-default cvplbd\" target=\"_self\" ><img loading=\"lazy\" decoding=\"async\" width=\"300\" height=\"158\" src=\"https:\/\/www.datingcafe.de\/blog\/wp-content\/uploads\/sites\/5\/2026\/04\/iStock-2223240355-300x158.jpeg\" class=\"pt-cv-thumbnail img-none noLightbox \" alt=\"Liebe und Humor: Warum Lachen oft der Schl\u00fcssel zu einer gl\u00fccklichen Beziehung ist\" \/><\/a>\n<h4 class=\"pt-cv-title\"><a href=\"https:\/\/www.datingcafe.de\/magazin\/dating\/liebe-und-humor-in-beziehung\/\" class=\"_self cvplbd\" target=\"_self\" >Liebe und Humor: Warum Lachen oft der Schl\u00fcssel zu einer gl\u00fccklichen Beziehung ist<\/a><\/h4>\n<div class=\"pt-cv-content\">Liebe und Humor geh\u00f6ren zusammen: Entdecke 8 Tipps f\u00fcr mehr N\u00e4he, Leichtigkeit und echte Verbindung beim Dating und in der ...<br \/><div class=\"pt-cv-rmwrap\"><a href=\"https:\/\/www.datingcafe.de\/magazin\/dating\/liebe-und-humor-in-beziehung\/\" class=\"_self pt-cv-readmore btn btn-success cvplbd\" target=\"_self\">Weiterlesen\u00a0\u2026<\/a><\/div><\/div><\/div><\/div>\n<div class=\"col-md-3 col-sm-12 col-xs-12 pt-cv-content-item pt-cv-1-col\"  data-pid=\"40892\"><div class='pt-cv-pinmas'><a href=\"https:\/\/www.datingcafe.de\/magazin\/dating\/dating-im-fruehling\/\" class=\"_self pt-cv-href-thumbnail pt-cv-thumb-default cvplbd\" target=\"_self\" ><img loading=\"lazy\" decoding=\"async\" width=\"300\" height=\"200\" src=\"https:\/\/www.datingcafe.de\/blog\/wp-content\/uploads\/sites\/5\/2026\/03\/iStock-1465455605-300x200.jpeg\" class=\"pt-cv-thumbnail img-none noLightbox \" alt=\"Dating nach dem Winter: Zeit f\u00fcr neue Begegnungen im Fr\u00fchling\" \/><\/a>\n<h4 class=\"pt-cv-title\"><a href=\"https:\/\/www.datingcafe.de\/magazin\/dating\/dating-im-fruehling\/\" class=\"_self cvplbd\" target=\"_self\" >Dating nach dem Winter: Zeit f\u00fcr neue Begegnungen im Fr\u00fchling<\/a><\/h4>\n<div class=\"pt-cv-content\">Der Fr\u00fchling bringt neue Energie &amp; neue Begegnungen. Entdecke 5 Tipps, wie Du nach dem Winter wieder offen f\u00fcr Dating, ...<br \/><div class=\"pt-cv-rmwrap\"><a href=\"https:\/\/www.datingcafe.de\/magazin\/dating\/dating-im-fruehling\/\" class=\"_self pt-cv-readmore btn btn-success cvplbd\" target=\"_self\">Weiterlesen\u00a0\u2026<\/a><\/div><\/div><\/div><\/div>\n<div class=\"col-md-6 col-sm-12 col-xs-12 pt-cv-content-item pt-cv-1-col\"  data-pid=\"40922\"><div class='pt-cv-pinmas'><a href=\"https:\/\/www.datingcafe.de\/magazin\/dating\/eudi-wallet-online-dating\/\" class=\"_self pt-cv-href-thumbnail pt-cv-thumb-default cvplbd\" target=\"_self\" ><img loading=\"lazy\" decoding=\"async\" width=\"300\" height=\"168\" src=\"https:\/\/www.datingcafe.de\/blog\/wp-content\/uploads\/sites\/5\/2026\/03\/EUDI-Wallet-300x168.jpg\" class=\"pt-cv-thumbnail img-none noLightbox \" alt=\"EUDI-Wallet vertr\u00e4umte Frau\" \/><\/a>\n<h4 class=\"pt-cv-title\"><a href=\"https:\/\/www.datingcafe.de\/magazin\/dating\/eudi-wallet-online-dating\/\" class=\"_self cvplbd\" target=\"_self\" >EUDI-Wallet im Online-Dating: Mehr Sicherheit, weniger Fake-Profile<\/a><\/h4>\n<div class=\"pt-cv-content\">Fake-Profile, Catfishing, Unsicherheit: Erfahre, wie das geplante EUDI-Wallet Online-Dating sicherer machen k\u00f6nnte &amp; was Singles k\u00fcnftig davon h\u00e4tten ...<br \/><div class=\"pt-cv-rmwrap\"><a href=\"https:\/\/www.datingcafe.de\/magazin\/dating\/eudi-wallet-online-dating\/\" class=\"_self pt-cv-readmore btn btn-success cvplbd\" target=\"_self\">Weiterlesen\u00a0\u2026<\/a><\/div><\/div><\/div><\/div>\n<div class=\"col-md-3 col-sm-12 col-xs-12 pt-cv-content-item pt-cv-1-col\"  data-pid=\"40874\"><div class='pt-cv-pinmas'><a href=\"https:\/\/www.datingcafe.de\/magazin\/dating\/dating-in-der-lebensmitte\/\" class=\"_self pt-cv-href-thumbnail pt-cv-thumb-default cvplbd\" target=\"_self\" ><img loading=\"lazy\" decoding=\"async\" width=\"300\" height=\"200\" src=\"https:\/\/www.datingcafe.de\/blog\/wp-content\/uploads\/sites\/5\/2026\/02\/iStock-1182702312-300x200.jpeg\" class=\"pt-cv-thumbnail img-none noLightbox \" alt=\"Liebe mit Erfahrung: Dating in der Lebensmitte\" \/><\/a>\n<h4 class=\"pt-cv-title\"><a href=\"https:\/\/www.datingcafe.de\/magazin\/dating\/dating-in-der-lebensmitte\/\" class=\"_self cvplbd\" target=\"_self\" >Liebe mit Erfahrung: Dating in der Lebensmitte<\/a><\/h4>\n<div class=\"pt-cv-content\">Dating in der Lebensmitte gelingt mit Klarheit, Ruhe &amp; echten Gespr\u00e4chen. Entdecken Sie 7 Impulse f\u00fcr neue N\u00e4he, ohne Druck ...<br \/><div class=\"pt-cv-rmwrap\"><a href=\"https:\/\/www.datingcafe.de\/magazin\/dating\/dating-in-der-lebensmitte\/\" class=\"_self pt-cv-readmore btn btn-success cvplbd\" target=\"_self\">Weiterlesen\u00a0\u2026<\/a><\/div><\/div><\/div><\/div>\n<div class=\"col-md-3 col-sm-12 col-xs-12 pt-cv-content-item pt-cv-1-col\"  data-pid=\"40850\"><div class='pt-cv-pinmas'><a href=\"https:\/\/www.datingcafe.de\/magazin\/beziehung-fuehren\/kaputte-beziehung\/\" class=\"_self pt-cv-href-thumbnail pt-cv-thumb-default cvplbd\" target=\"_self\" ><img loading=\"lazy\" decoding=\"async\" width=\"300\" height=\"169\" src=\"https:\/\/www.datingcafe.de\/blog\/wp-content\/uploads\/sites\/5\/2026\/02\/iStock-2193778369-300x169.jpeg\" class=\"pt-cv-thumbnail img-none noLightbox \" alt=\"Anzeichen f\u00fcr eine kaputte Beziehung: Erkenne die Signale rechtzeitig\" \/><\/a>\n<h4 class=\"pt-cv-title\"><a href=\"https:\/\/www.datingcafe.de\/magazin\/beziehung-fuehren\/kaputte-beziehung\/\" class=\"_self cvplbd\" target=\"_self\" >Anzeichen f\u00fcr eine kaputte Beziehung: So erkennst Du die Signale rechtzeitig<\/a><\/h4>\n<div class=\"pt-cv-content\">Eine kaputte Beziehung erkennt man oft zu sp\u00e4t. Diese 10 Anzeichen helfen Dir, Muster zu erkennen &amp; realistisch einzuordnen \u2013 ...<br \/><div class=\"pt-cv-rmwrap\"><a href=\"https:\/\/www.datingcafe.de\/magazin\/beziehung-fuehren\/kaputte-beziehung\/\" class=\"_self pt-cv-readmore btn btn-success cvplbd\" target=\"_self\">Weiterlesen\u00a0\u2026<\/a><\/div><\/div><\/div><\/div>\n<div class=\"col-md-6 col-sm-12 col-xs-12 pt-cv-content-item pt-cv-1-col\"  data-pid=\"40813\"><div class='pt-cv-pinmas'><a href=\"https:\/\/www.datingcafe.de\/magazin\/dating\/emotionale-abhaengigkeit\/\" class=\"_self pt-cv-href-thumbnail pt-cv-thumb-default cvplbd\" target=\"_self\" ><img loading=\"lazy\" decoding=\"async\" width=\"300\" height=\"200\" src=\"https:\/\/www.datingcafe.de\/blog\/wp-content\/uploads\/sites\/5\/2026\/01\/iStock-1513821419-300x200.jpeg\" class=\"pt-cv-thumbnail img-none noLightbox \" alt=\"Emotionale Abh\u00e4ngigkeit in Beziehungen: Anzeichen, Ursachen und Auswege\" \/><\/a>\n<h4 class=\"pt-cv-title\"><a href=\"https:\/\/www.datingcafe.de\/magazin\/dating\/emotionale-abhaengigkeit\/\" class=\"_self cvplbd\" target=\"_self\" >Emotionale Abh\u00e4ngigkeit in Beziehungen: Anzeichen, Ursachen und Auswege<\/a><\/h4>\n<div class=\"pt-cv-content\">Emotionale Abh\u00e4ngigkeit verstehen und l\u00f6sen: 8 Tipps f\u00fcr innere Ruhe, klare Grenzen &amp; eine stabile Partnerschaft \u2013 f\u00fcr N\u00e4he, die ...<br \/><div class=\"pt-cv-rmwrap\"><a href=\"https:\/\/www.datingcafe.de\/magazin\/dating\/emotionale-abhaengigkeit\/\" class=\"_self pt-cv-readmore btn btn-success cvplbd\" target=\"_self\">Weiterlesen\u00a0\u2026<\/a><\/div><\/div><\/div><\/div>\n<div class=\"col-md-3 col-sm-12 col-xs-12 pt-cv-content-item pt-cv-1-col\"  data-pid=\"40763\"><div class='pt-cv-pinmas'><a href=\"https:\/\/www.datingcafe.de\/magazin\/beziehung-fuehren\/langjaehrige-beziehung\/\" class=\"_self pt-cv-href-thumbnail pt-cv-thumb-default cvplbd\" target=\"_self\" ><img loading=\"lazy\" decoding=\"async\" width=\"300\" height=\"169\" src=\"https:\/\/www.datingcafe.de\/blog\/wp-content\/uploads\/sites\/5\/2026\/01\/iStock-2165840661-300x169.jpeg\" class=\"pt-cv-thumbnail img-none noLightbox \" alt=\"Langj\u00e4hrige Beziehungen: Wie erh\u00e4lt man die Leidenschaft in einer Partnerschaft?\" \/><\/a>\n<h4 class=\"pt-cv-title\"><a href=\"https:\/\/www.datingcafe.de\/magazin\/beziehung-fuehren\/langjaehrige-beziehung\/\" class=\"_self cvplbd\" target=\"_self\" >Langj\u00e4hrige Beziehungen: Wie erh\u00e4lt man die Leidenschaft in der Partnerschaft?<\/a><\/h4>\n<div class=\"pt-cv-content\">Langj\u00e4hrige Beziehungen: Wie Ihr in der Partnerschaft die Leidenschaft n\u00e4hrt \u2013 mit guter Kommunikation, kleinen Ritualen und fairer Streitkultur ...<br \/><div class=\"pt-cv-rmwrap\"><a href=\"https:\/\/www.datingcafe.de\/magazin\/beziehung-fuehren\/langjaehrige-beziehung\/\" class=\"_self pt-cv-readmore btn btn-success cvplbd\" target=\"_self\">Weiterlesen\u00a0\u2026<\/a><\/div><\/div><\/div><\/div><\/div><\/div><\/div>\t\t\t<style type=\"text\/css\" id=\"pt-cv-inline-style-c98686dxuq\">#pt-cv-view-564425cbcr.pt-cv-post-border { margin: 0; border-top-width: 1px; border-left-width: 1px }\n#pt-cv-view-564425cbcr.pt-cv-post-border { margin: 0; border-top-style: solid; border-left-style: solid }\n#pt-cv-view-564425cbcr.pt-cv-post-border .pt-cv-content-item   { border-right-width: 1px; border-bottom-width: 1px; border-right-style: solid; border-bottom-style: solid; }\n#pt-cv-view-564425cbcr .pt-cv-title a, #pt-cv-view-564425cbcr  .panel-title { font-weight: 600 !important; }\n#pt-cv-view-564425cbcr  .pt-cv-hover-wrapper::before   { background-color: rgba(0,0,0,.3) !important; }\n#pt-cv-view-564425cbcr  .pt-cv-content-item:hover .pt-cv-hover-wrapper::before   { background-color: rgba(51,51,51,.6) !important; }\n#pt-cv-view-564425cbcr:not(.pt-cv-nohover) .pt-cv-mask *   { color: #fff; }\n#pt-cv-view-564425cbcr .pt-cv-carousel-caption  { background-color: rgba(51,51,51,.6) !important; }\n#pt-cv-view-564425cbcr .pt-cv-specialp { background-color: #CC3333 !important }\n#pt-cv-view-564425cbcr .pt-cv-specialp * { color: #fff !important; }\n#pt-cv-view-564425cbcr .pt-cv-pficon  { color: #bbb !important; }\n#pt-cv-view-564425cbcr  .add_to_cart_button, #pt-cv-view-564425cbcr  .add_to_cart_button *   { color: #ffffff !important; background-color: #00aeef !important; }\n#pt-cv-view-564425cbcr  .woocommerce-onsale   { color: #ffffff !important; background-color: #ff5a5f !important; }\n#pt-cv-view-564425cbcr  + .pt-cv-pagination-wrapper .pt-cv-more , #pt-cv-view-564425cbcr  + .pt-cv-pagination-wrapper .pagination .active a { color: #ffffff !important; background-color: #00aeef !important; }\n[id^='pt-cv-filter-bar-564425cbcr'] .active.pt-cv-filter-option, [id^='pt-cv-filter-bar-564425cbcr'] .active .pt-cv-filter-option, [id^='pt-cv-filter-bar-564425cbcr'] .selected.pt-cv-filter-option, [id^='pt-cv-filter-bar-564425cbcr'] .dropdown-toggle   { color: #fff !important; background-color: #00aeef !important; }\n[id^='pt-cv-filter-bar-564425cbcr'] .pt-cv-filter-title   { color: #fff !important; background-color: #00aeef !important; }\n#pt-cv-gls-564425cbcr li a.pt-active   { color: #fff !important; background-color: #ff5a5f !important; }\n#pt-cv-view-564425cbcr .pt-cv-gls-header  { color: #fff !important; background-color: #00aeef !important; }<\/style>\r\n\t\t\t\n<h3><\/h3>\n","protected":false},"excerpt":{"rendered":"<p>Informationen f\u00fcr Singles Neues aus dem Dating Cafe. Schon gelesen?<\/p>\n","protected":false},"author":641,"featured_media":0,"parent":0,"menu_order":0,"comment_status":"closed","ping_status":"closed","template":"","meta":{"footnotes":""},"class_list":["post-9125","page","type-page","status-publish","hentry"],"_links":{"self":[{"href":"https:\/\/www.datingcafe.de\/magazin\/wp-json\/wp\/v2\/pages\/9125","targetHints":{"allow":["GET"]}}],"collection":[{"href":"https:\/\/www.datingcafe.de\/magazin\/wp-json\/wp\/v2\/pages"}],"about":[{"href":"https:\/\/www.datingcafe.de\/magazin\/wp-json\/wp\/v2\/types\/page"}],"author":[{"embeddable":true,"href":"https:\/\/www.datingcafe.de\/magazin\/wp-json\/wp\/v2\/users\/641"}],"replies":[{"embeddable":true,"href":"https:\/\/www.datingcafe.de\/magazin\/wp-json\/wp\/v2\/comments?post=9125"}],"version-history":[{"count":3,"href":"https:\/\/www.datingcafe.de\/magazin\/wp-json\/wp\/v2\/pages\/9125\/revisions"}],"predecessor-version":[{"id":38682,"href":"https:\/\/www.datingcafe.de\/magazin\/wp-json\/wp\/v2\/pages\/9125\/revisions\/38682"}],"wp:attachment":[{"href":"https:\/\/www.datingcafe.de\/magazin\/wp-json\/wp\/v2\/media?parent=9125"}],"curies":[{"name":"wp","href":"https:\/\/api.w.org\/{rel}","templated":true}]}}