{"id":36983,"date":"2024-07-09T16:26:14","date_gmt":"2024-07-09T14:26:14","guid":{"rendered":"https:\/\/staging.datingcafe.de\/cafeteria\/?page_id=36983"},"modified":"2026-04-19T00:53:37","modified_gmt":"2026-04-18T22:53:37","slug":"beziehung-fuehren","status":"publish","type":"page","link":"https:\/\/www.datingcafe.de\/magazin\/beziehung-fuehren\/","title":{"rendered":"Beziehung f\u00fchren"},"content":{"rendered":"\n<style type=\"text\/css\" data-created_by=\"avia_inline_auto\" id=\"style-css-av-9jewnx3-4e25f57a6776f0283d568ea50c6d7272\">\n.avia-section.av-9jewnx3-4e25f57a6776f0283d568ea50c6d7272 .av-parallax .av-parallax-inner{\nbackground-repeat:no-repeat;\nbackground-image:url(https:\/\/www.datingcafe.de\/blog\/wp-content\/uploads\/sites\/5\/2026\/04\/datingcafe_beziehung_fuehren-e1768481867511-1030x527.jpg);\nbackground-position:50% 0%;\nbackground-attachment:scroll;\n}\n<\/style>\n<div id='av_section_1'  class='avia-section av-9jewnx3-4e25f57a6776f0283d568ea50c6d7272 main_color avia-section-default avia-no-border-styling  avia-builder-el-0  el_before_av_layout_row  avia-builder-el-first  av-parallax-section avia-bg-style-parallax av-minimum-height av-minimum-height-35 av-height-percent  container_wrap sidebar_right'  data-section-bg-repeat='no-repeat' data-av_minimum_height_pc='35' data-av_min_height_opt='percent'><div class='av-parallax' data-avia-parallax-ratio='0.3' ><div class='av-parallax-inner main_color avia-full-stretch'><\/div><\/div><div class='container av-section-cont-open' ><main  role=\"main\" itemprop=\"mainContentOfPage\"  class='template-page content  av-content-small alpha units'><div class='post-entry post-entry-type-page post-entry-36983'><div class='entry-content-wrapper clearfix'>\n\n<style type=\"text\/css\" data-created_by=\"avia_inline_auto\" id=\"style-css-av-8zpiomv-b62b2806a82ea80e70fc3df4decb550a\">\n#top .av-special-heading.av-8zpiomv-b62b2806a82ea80e70fc3df4decb550a{\npadding-bottom:10px;\ncolor:#ffffff;\n}\nbody .av-special-heading.av-8zpiomv-b62b2806a82ea80e70fc3df4decb550a .av-special-heading-tag .heading-char{\nfont-size:25px;\n}\n.av-special-heading.av-8zpiomv-b62b2806a82ea80e70fc3df4decb550a .special-heading-inner-border{\nborder-color:#ffffff;\n}\n.av-special-heading.av-8zpiomv-b62b2806a82ea80e70fc3df4decb550a .av-subheading{\nfont-size:15px;\n}\n<\/style>\n<div  class='av-special-heading av-8zpiomv-b62b2806a82ea80e70fc3df4decb550a av-special-heading-h1 custom-color-heading blockquote modern-quote  avia-builder-el-1  avia-builder-el-no-sibling '><h1 class='av-special-heading-tag '  itemprop=\"headline\"  >Beziehung f\u00fchren<\/h1><div class=\"special-heading-border\"><div class=\"special-heading-inner-border\"><\/div><\/div><\/div>\n\n<\/div><\/div><\/main><!-- close content main element --><\/div><\/div><div id='av-layout-grid-1'  class='av-layout-grid-container av-8f5cldj-7e5c07fc1c64423e6290f578565aae33 entry-content-wrapper main_color av-flex-cells  avia-builder-el-2  el_after_av_section  el_before_av_layout_row  grid-row-not-first  container_wrap sidebar_right'  >\n\n<style type=\"text\/css\" data-created_by=\"avia_inline_auto\" id=\"style-css-av-85kbwbb-0d4ed0c08d010fb5ba4bb95231fa54e6\">\n.flex_cell.av-85kbwbb-0d4ed0c08d010fb5ba4bb95231fa54e6{\nvertical-align:top;\n}\n.responsive #top #wrap_all .flex_cell.av-85kbwbb-0d4ed0c08d010fb5ba4bb95231fa54e6{\npadding:3% 3% 3% 3% !important;\n}\n<\/style>\n<div class='flex_cell av-85kbwbb-0d4ed0c08d010fb5ba4bb95231fa54e6 av-gridrow-cell av_one_full no_margin  avia-builder-el-3  avia-builder-el-no-sibling '  ><div class='flex_cell_inner'><section  class='av_textblock_section av-7ea2yhj-cfccc5d703cc8d97fc8b1b8cd50ee4d2 '   itemscope=\"itemscope\" itemtype=\"https:\/\/schema.org\/CreativeWork\" ><div class='avia_textblock'  itemprop=\"text\" ><p>In einer Welt, in der Online-Dating immer popul\u00e4rer wird, ist es wichtig, nicht nur den richtigen Partner zu finden, sondern auch zu wissen, wie man eine <a href=\"https:\/\/www.flirt.de\/news\/wie-funktioniert-eine-gute-partnerschaft-vertrauen-achtung-und-co\/\" rel=\"noopener\">erfolgreiche und erf\u00fcllende Beziehung<\/a> f\u00fchrt. Eine Beziehung zu f\u00fchren, erfordert mehr als nur Liebe und Anziehung; es geht um Kommunikation, Vertrauen, Kompromisse und kontinuierliche Arbeit an der Partnerschaft. In diesem Leitfaden werden die wichtigsten Aspekte beleuchtet, die f\u00fcr eine starke und gesunde Beziehung entscheidend sind.<\/p>\n<h2>Ein Leitfaden f\u00fcr langfristige Partnerschaften<\/h2>\n<p>Erfolgsrezepte und Inspirationen f\u00fcr das Gelingen von <a href=\"https:\/\/www.datingcafe.de\/magazin\/partner-finden\/beratung-der-idealpartner\/\">Partnerschaften<\/a>. Ein paar erste Tipps und Hinweise.<\/p>\n<\/div><\/section>\n<\/div><\/div>\n<\/div>\n<div id='av-layout-grid-2'  class='av-layout-grid-container av-6poa8nr-453e40d5efcef7a3026fbe4630559752 entry-content-wrapper main_color av-flex-cells  avia-builder-el-5  el_after_av_layout_row  el_before_av_layout_row  grid-row-not-first  container_wrap sidebar_right'  >\n<div class='flex_cell av-64w731z-645a105731794f5f1d9ef040b091de30 av-gridrow-cell av_one_third no_margin  avia-builder-el-6  el_before_av_cell_two_third  avia-builder-el-first '  ><div class='flex_cell_inner'>\n<style type=\"text\/css\" data-created_by=\"avia_inline_auto\" id=\"style-css-av-5o6bzmf-515b9e0fe8c8bec158c191d2c1148ea3\">\n.avia-image-container.av-5o6bzmf-515b9e0fe8c8bec158c191d2c1148ea3 img.avia_image{\nbox-shadow:none;\n}\n.avia-image-container.av-5o6bzmf-515b9e0fe8c8bec158c191d2c1148ea3 .av-image-caption-overlay-center{\ncolor:#ffffff;\n}\n<\/style>\n<div  class='avia-image-container av-5o6bzmf-515b9e0fe8c8bec158c191d2c1148ea3 av-styling- avia-align-center  avia-builder-el-7  avia-builder-el-no-sibling '   itemprop=\"image\" itemscope=\"itemscope\" itemtype=\"https:\/\/schema.org\/ImageObject\" ><div class=\"avia-image-container-inner\"><div class=\"avia-image-overlay-wrap\"><img decoding=\"async\" fetchpriority=\"high\" class='wp-image-37259 avia-img-lazy-loading-not-37259 avia_image ' src=\"https:\/\/www.datingcafe.de\/blog\/wp-content\/uploads\/sites\/5\/2024\/08\/aelteres-paar-am-see.jpg\" alt='Beziehung f\u00fchren: Ein Leitfaden f\u00fcr langfristige Partnerschaften' title='Beziehung f\u00fchren: Verliebtes \u00e4lteres Paar am See mit Schw\u00e4nen.'  height=\"450\" width=\"600\"  itemprop=\"thumbnailUrl\" srcset=\"https:\/\/www.datingcafe.de\/blog\/wp-content\/uploads\/sites\/5\/2024\/08\/aelteres-paar-am-see.jpg 600w, https:\/\/www.datingcafe.de\/blog\/wp-content\/uploads\/sites\/5\/2024\/08\/aelteres-paar-am-see-300x225.jpg 300w\" sizes=\"(max-width: 600px) 100vw, 600px\" \/><\/div><\/div><\/div>\n<\/div><\/div><div class='flex_cell av-5c4pzqv-2ebb4344b2ac5f8d88ea485c925bb4f0 av-gridrow-cell av_two_third no_margin  avia-builder-el-8  el_after_av_cell_one_third  avia-builder-el-last '  ><div class='flex_cell_inner'><section  class='av_textblock_section av-4sx0l4n-d1209f3dc75a840c2a6f363743912666 '   itemscope=\"itemscope\" itemtype=\"https:\/\/schema.org\/CreativeWork\" ><div class='avia_textblock'  itemprop=\"text\" ><h3>Kommunikation: Der Schl\u00fcssel zur Verst\u00e4ndigung<\/h3>\n<p>Eine der wichtigsten S\u00e4ulen einer erfolgreichen Beziehung ist die Kommunikation. Offen und ehrlich miteinander zu sprechen, ist essenziell, um Missverst\u00e4ndnisse zu vermeiden und Probleme fr\u00fchzeitig zu erkennen und zu l\u00f6sen. Regelm\u00e4\u00dfige Gespr\u00e4che \u00fcber Gef\u00fchle, Bed\u00fcrfnisse und Erwartungen tragen dazu bei, dass beide Partner sich verstanden und wertgesch\u00e4tzt f\u00fchlen.<\/p>\n<h3>Aktives Zuh\u00f6ren<\/h3>\n<p>Aktives Zuh\u00f6ren ist ein weiterer wichtiger Aspekt der Kommunikation. Es bedeutet, dem Partner wirklich zuzuh\u00f6ren, ohne ihn zu unterbrechen, und sich in seine Lage zu versetzen. Dies schafft eine Atmosph\u00e4re des Verst\u00e4ndnisses und der Empathie, in der beide Partner ihre Gedanken und Gef\u00fchle frei \u00e4u\u00dfern k\u00f6nnen.<\/p>\n<h3>Vertrauen aufbauen und erhalten<\/h3>\n<p>Vertrauen ist das Fundament jeder Beziehung. Es erfordert Zeit, um aufgebaut zu werden, kann jedoch in einem Augenblick zerst\u00f6rt werden. Um eine vertrauensvolle Beziehung zu f\u00fchren, ist es wichtig, ehrlich und transparent zu sein. Verl\u00e4sslichkeit und Integrit\u00e4t spielen dabei eine entscheidende Rolle. Beide Partner sollten das Gef\u00fchl haben, sich aufeinander verlassen zu k\u00f6nnen.<\/p>\n<h3>Umgang mit Eifersucht<\/h3>\n<p>Eifersucht kann eine Beziehung schwer belasten. Es ist wichtig, offen \u00fcber Unsicherheiten zu sprechen und diese gemeinsam anzugehen. Vertrauen und Sicherheit in der Partnerschaft k\u00f6nnen Eifersucht minimieren und dazu beitragen.<\/p>\n<\/div><\/section>\n<\/div><\/div>\n<\/div>\n<div id='av-layout-grid-3'  class='av-layout-grid-container av-4c1wvkn-5585037061493b61d6929100fc0666ba entry-content-wrapper main_color av-flex-cells  avia-builder-el-10  el_after_av_layout_row  el_before_av_layout_row  grid-row-not-first  container_wrap sidebar_right'  >\n\n<style type=\"text\/css\" data-created_by=\"avia_inline_auto\" id=\"style-css-av-42yzrav-c3f527841cd22e1c5f5097684557d9bb\">\n.flex_cell.av-42yzrav-c3f527841cd22e1c5f5097684557d9bb{\nvertical-align:top;\n}\n.responsive #top #wrap_all .flex_cell.av-42yzrav-c3f527841cd22e1c5f5097684557d9bb{\npadding:3% 3% 3% 3% !important;\n}\n<\/style>\n<div class='flex_cell av-42yzrav-c3f527841cd22e1c5f5097684557d9bb av-gridrow-cell av_one_full no_margin  avia-builder-el-11  avia-builder-el-no-sibling '  ><div class='flex_cell_inner'><section  class='av_textblock_section av-3gelsd3-421cd963319baea5a17e218e14a3fb05 '   itemscope=\"itemscope\" itemtype=\"https:\/\/schema.org\/CreativeWork\" ><div class='avia_textblock'  itemprop=\"text\" ><h2>Was sonst noch z\u00e4hlt<\/h2>\n<p>Dies ist selbstverst\u00e4ndlich nur ein Teil der Wahrheit. Auf den folgenden Seiten gibt es noch viel mehr zu diesem Thema zu entdecken.<\/p>\n<\/div><\/section><br \/>\n<\/p>\n<\/div><\/div>\n<\/div>\n<div id='av-layout-grid-4'  class='av-layout-grid-container av-2wu5pef-c18fff56e391b998c15737efae10b4d2 entry-content-wrapper main_color av-flex-cells  avia-builder-el-14  el_after_av_layout_row  avia-builder-el-last  grid-row-not-first  container_wrap sidebar_right'  >\n<div class='flex_cell av-2icwp9z-149b53ec4aa875f9fdb2f8a273d814be av-gridrow-cell av_two_third no_margin  avia-builder-el-15  el_before_av_cell_one_third  avia-builder-el-first '  ><div class='flex_cell_inner'><section  class='av_textblock_section av-22n6m9j-b73406927dccc99fea55401decec74b6 '   itemscope=\"itemscope\" itemtype=\"https:\/\/schema.org\/CreativeWork\" ><div class='avia_textblock'  itemprop=\"text\" ><h2>Die Grundlagen einer erfolgreichen Beziehung<\/h2>\n<p>Eine Beziehung zu f\u00fchren, ist eine kontinuierliche Reise, die Arbeit, Geduld und Hingabe erfordert. Kommunikation, Vertrauen und gegenseitiger Respekt sind die zentralen Bausteine, auf denen eine starke Partnerschaft aufgebaut wird. Durch aktives Zuh\u00f6ren, das Teilen von Gef\u00fchlen und Gedanken und das Schaffen eines stabilen Vertrauensfundaments k\u00f6nnen Herausforderungen gemeistert und die Beziehung vertieft werden.<\/p>\n<h3>Warum es gut ist, eine Beziehung \u00fcber eine Singleb\u00f6rse anzubahnen<\/h3>\n<p>In der heutigen digitalen Welt bieten <a href=\"https:\/\/www.datingcafe.de\/singleboerse\/\">Singleb\u00f6rsen<\/a> eine einzigartige M\u00f6glichkeit, Menschen kennenzulernen, die \u00e4hnliche Werte, Interessen und Lebensziele teilen. Im Gegensatz zu traditionellen Methoden des Kennenlernens erm\u00f6glichen Singleb\u00f6rsen eine gezielte Suche nach einem Partner, der wirklich zu einem passt. Man kann im Vorfeld kl\u00e4ren, welche Erwartungen und Vorstellungen man an eine Beziehung hat, und trifft so auf Menschen, die das Gleiche suchen.<\/p>\n<p>Dar\u00fcber hinaus bieten Singleb\u00f6rsen eine Plattform, auf der man zun\u00e4chst in einer sicheren und unverbindlichen Umgebung kommunizieren kann. Dies gibt beiden Partnern die M\u00f6glichkeit, sich ohne Druck kennenzulernen und eine Grundlage f\u00fcr eine ernsthafte Beziehung zu schaffen. Viele erfolgreiche Partnerschaften haben ihren Ursprung in einer Online-Begegnung \u2013 ein Beweis<\/p>\n<\/div><\/section><br \/>\n<div  class='avia-button-wrap av-1gjvsdz-92ee19181ade06b2bab9fb4e2bf4c1ae-wrap avia-button-center  avia-builder-el-17  el_after_av_textblock  avia-builder-el-last '><a href=\"https:\/\/www.datingcafe.de\/registration\/\" class=\"avia-button av-1gjvsdz-92ee19181ade06b2bab9fb4e2bf4c1ae av-link-btn avia-icon_select-no avia-size-large avia-position-center avia-color-theme-color-highlight\" aria-label=\"Jetzt kostenlos registrieren\"><span class='avia_iconbox_title' >Jetzt kostenlos registrieren<\/span><\/a><\/div><\/p>\n<\/div><\/div><div class='flex_cell av-18lzfp3-92e1755edbc8ab33ce3aa62759ccbbd2 av-gridrow-cell av_one_third no_margin  avia-builder-el-18  el_after_av_cell_two_third  avia-builder-el-last '  ><div class='flex_cell_inner'>\n<style type=\"text\/css\" data-created_by=\"avia_inline_auto\" id=\"style-css-av-lzwp3nkx-30d293e29d0f812e7ec3d4d047938a61\">\n.avia-image-container.av-lzwp3nkx-30d293e29d0f812e7ec3d4d047938a61 img.avia_image{\nbox-shadow:none;\n}\n.avia-image-container.av-lzwp3nkx-30d293e29d0f812e7ec3d4d047938a61 .av-image-caption-overlay-center{\ncolor:#ffffff;\n}\n<\/style>\n<div  class='avia-image-container av-lzwp3nkx-30d293e29d0f812e7ec3d4d047938a61 av-styling- avia-align-center  avia-builder-el-19  avia-builder-el-no-sibling '   itemprop=\"image\" itemscope=\"itemscope\" itemtype=\"https:\/\/schema.org\/ImageObject\" ><div class=\"avia-image-container-inner\"><div class=\"avia-image-overlay-wrap\"><img decoding=\"async\" fetchpriority=\"high\" class='wp-image-37267 avia-img-lazy-loading-not-37267 avia_image ' src=\"https:\/\/www.datingcafe.de\/blog\/wp-content\/uploads\/sites\/5\/2024\/08\/verliebtes-paar-cartoon.jpg\" alt='Beziehung f\u00fchren: Die Grundlagen einer erfolgreichen Beziehung' title='Beziehung f\u00fchren: Ein junges verliebtes Paar hat sich in einer Singleb\u00f6rse kennengelernt.'  height=\"450\" width=\"600\"  itemprop=\"thumbnailUrl\" srcset=\"https:\/\/www.datingcafe.de\/blog\/wp-content\/uploads\/sites\/5\/2024\/08\/verliebtes-paar-cartoon.jpg 600w, https:\/\/www.datingcafe.de\/blog\/wp-content\/uploads\/sites\/5\/2024\/08\/verliebtes-paar-cartoon-300x225.jpg 300w\" sizes=\"(max-width: 600px) 100vw, 600px\" \/><\/div><\/div><\/div>\n<\/div><\/div>\n<\/div>\n","protected":false},"excerpt":{"rendered":"","protected":false},"author":641,"featured_media":41007,"parent":0,"menu_order":0,"comment_status":"closed","ping_status":"closed","template":"","meta":{"footnotes":""},"class_list":["post-36983","page","type-page","status-publish","has-post-thumbnail","hentry"],"_links":{"self":[{"href":"https:\/\/www.datingcafe.de\/magazin\/wp-json\/wp\/v2\/pages\/36983","targetHints":{"allow":["GET"]}}],"collection":[{"href":"https:\/\/www.datingcafe.de\/magazin\/wp-json\/wp\/v2\/pages"}],"about":[{"href":"https:\/\/www.datingcafe.de\/magazin\/wp-json\/wp\/v2\/types\/page"}],"author":[{"embeddable":true,"href":"https:\/\/www.datingcafe.de\/magazin\/wp-json\/wp\/v2\/users\/641"}],"replies":[{"embeddable":true,"href":"https:\/\/www.datingcafe.de\/magazin\/wp-json\/wp\/v2\/comments?post=36983"}],"version-history":[{"count":3,"href":"https:\/\/www.datingcafe.de\/magazin\/wp-json\/wp\/v2\/pages\/36983\/revisions"}],"predecessor-version":[{"id":41010,"href":"https:\/\/www.datingcafe.de\/magazin\/wp-json\/wp\/v2\/pages\/36983\/revisions\/41010"}],"wp:featuredmedia":[{"embeddable":true,"href":"https:\/\/www.datingcafe.de\/magazin\/wp-json\/wp\/v2\/media\/41007"}],"wp:attachment":[{"href":"https:\/\/www.datingcafe.de\/magazin\/wp-json\/wp\/v2\/media?parent=36983"}],"curies":[{"name":"wp","href":"https:\/\/api.w.org\/{rel}","templated":true}]}}