{"id":2135,"date":"2017-09-01T12:10:38","date_gmt":"2017-09-01T10:10:38","guid":{"rendered":"https:\/\/www.datingcafe.de\/wp\/?page_id=2135"},"modified":"2022-12-08T11:30:27","modified_gmt":"2022-12-08T10:30:27","slug":"dating-cafe-startseite","status":"publish","type":"page","link":"https:\/\/www.datingcafe.de\/blog\/","title":{"rendered":"Dating Cafe Startseite"},"content":{"rendered":"\n\n\n<h1 class=\"has-text-align-center wp-block-heading\">Single? DatingCafe<\/h1>\n\n\n\n<h2 class=\"has-text-align-center wp-block-heading\">Hier finden Sie Ihren passenden Single<\/h2>\n\n\n\n\n\n\n\n\n\n<div style=\"height:100px\" aria-hidden=\"true\" class=\"wp-block-spacer\"><\/div>\n\n\n\n<h2 class=\"has-text-align-center wp-block-heading\">Die Singleb\u00f6rse &#8211; seri\u00f6s und fair<\/h2>\n\n\n\n\n\n\n\n<div style=\"height:100px\" aria-hidden=\"true\" class=\"wp-block-spacer\"><\/div>\n\n\n\n<h2 class=\"has-text-align-center wp-block-heading\">Online-Dating f\u00fcr seri\u00f6se Singles<\/h2>\n\n\n\n\n\n<div style=\"height:100px\" aria-hidden=\"true\" class=\"wp-block-spacer\"><\/div>\n\n\n\n<h2 class=\"has-text-align-center wp-block-heading\">\u00dcber 2 Millionen Singles setzten bereits auf DatingCafe<\/h2>\n\n\n\n<h3 class=\"has-text-align-center wp-block-heading\">Darum ist Dating Cafe auch f\u00fcr Sie die passende Partnerb\u00f6rse<\/h3>\n\n\n\n\n\n\n\n<div style=\"height:100px\" aria-hidden=\"true\" class=\"wp-block-spacer\"><\/div>\n\n\n\n<h2 class=\"has-text-align-center wp-block-heading\">Noch mehr aus dem DatingCafe<\/h2>\n\n\n\n\n","protected":false},"excerpt":{"rendered":"<p>Single? DatingCafe Hier finden Sie Ihren passenden Single Die Singleb\u00f6rse &#8211; seri\u00f6s und fair Online-Dating f\u00fcr seri\u00f6se Singles \u00dcber 2 Millionen Singles setzten bereits auf DatingCafe Darum ist Dating Cafe auch f\u00fcr Sie die passende Partnerb\u00f6rse Noch mehr aus dem DatingCafe<\/p>\n","protected":false},"author":641,"featured_media":0,"parent":0,"menu_order":0,"comment_status":"closed","ping_status":"closed","template":"page-startseite.php","meta":{"footnotes":""},"class_list":["post-2135","page","type-page","status-publish"],"_links":{"self":[{"href":"https:\/\/www.datingcafe.de\/blog\/wp-json\/wp\/v2\/pages\/2135","targetHints":{"allow":["GET"]}}],"collection":[{"href":"https:\/\/www.datingcafe.de\/blog\/wp-json\/wp\/v2\/pages"}],"about":[{"href":"https:\/\/www.datingcafe.de\/blog\/wp-json\/wp\/v2\/types\/page"}],"author":[{"embeddable":true,"href":"https:\/\/www.datingcafe.de\/blog\/wp-json\/wp\/v2\/users\/641"}],"replies":[{"embeddable":true,"href":"https:\/\/www.datingcafe.de\/blog\/wp-json\/wp\/v2\/comments?post=2135"}],"version-history":[{"count":3,"href":"https:\/\/www.datingcafe.de\/blog\/wp-json\/wp\/v2\/pages\/2135\/revisions"}],"predecessor-version":[{"id":4058,"href":"https:\/\/www.datingcafe.de\/blog\/wp-json\/wp\/v2\/pages\/2135\/revisions\/4058"}],"wp:attachment":[{"href":"https:\/\/www.datingcafe.de\/blog\/wp-json\/wp\/v2\/media?parent=2135"}],"curies":[{"name":"wp","href":"https:\/\/api.w.org\/{rel}","templated":true}]}}